{"id":12803,"date":"2023-11-28T20:25:18","date_gmt":"2023-11-28T19:25:18","guid":{"rendered":"https:\/\/podpisz-mobilnie.pl\/?post_type=product&#038;p=12803"},"modified":"2025-06-06T22:48:09","modified_gmt":"2025-06-06T20:48:09","slug":"pieczec-elektroniczna-certum-w-chmurze-2-lata","status":"publish","type":"product","link":"https:\/\/podpisz-mobilnie.pl\/uk\/product\/pieczec-elektroniczna-certum-w-chmurze-2-lata\/","title":{"rendered":"Piecz\u0119\u0107 elektroniczna Certum w chmurze 2 lata"},"content":{"rendered":"","protected":false},"excerpt":{"rendered":"<p>Rozwi\u0105zanie wykorzystuje kwalifikowany certyfikat piecz\u0119ci elektronicznej, dzi\u0119ki czemu dokumenty opiecz\u0119towane piecz\u0119ci\u0105 elektroniczn\u0105 zachowuj\u0105 pe\u0142n\u0105 moc prawn\u0105 oraz dowodow\u0105.<br \/><strong>Piecz\u0119\u0107 elektroniczna pozwala na wystawianie i otrzymywanie faktur drog\u0105 elektroniczn\u0105 poprzez KSeF (Krajowy System e-Faktur).<\/strong><br \/>Nowo\u015b\u0107 tylko w Certum &#8211; 1 w Polsce Piecz\u0119\u0107 elektroniczna, kt\u00f3ra dzia\u0142a:<br \/>bez fizycznej karty i czytnika<br \/>na urz\u0105dzeniach mobilnych z: Androidem lub iOS<br \/>na klasycznym komputerze klasy: PC oraz Mac OS X<br \/>Okres wa\u017cno\u015bci: 2 lata<\/p>","protected":false},"featured_media":12800,"comment_status":"open","ping_status":"closed","template":"","meta":{"loftloader_page_shortcode":""},"product_brand":[],"product_cat":[79],"product_tag":[],"class_list":{"0":"post-12803","1":"product","2":"type-product","3":"status-publish","4":"has-post-thumbnail","6":"product_cat-pieczec-elektroniczna","8":"first","9":"instock","10":"product-type-simple"},"_links":{"self":[{"href":"https:\/\/podpisz-mobilnie.pl\/uk\/wp-json\/wp\/v2\/product\/12803","targetHints":{"allow":["GET"]}}],"collection":[{"href":"https:\/\/podpisz-mobilnie.pl\/uk\/wp-json\/wp\/v2\/product"}],"about":[{"href":"https:\/\/podpisz-mobilnie.pl\/uk\/wp-json\/wp\/v2\/types\/product"}],"replies":[{"embeddable":true,"href":"https:\/\/podpisz-mobilnie.pl\/uk\/wp-json\/wp\/v2\/comments?post=12803"}],"wp:featuredmedia":[{"embeddable":true,"href":"https:\/\/podpisz-mobilnie.pl\/uk\/wp-json\/wp\/v2\/media\/12800"}],"wp:attachment":[{"href":"https:\/\/podpisz-mobilnie.pl\/uk\/wp-json\/wp\/v2\/media?parent=12803"}],"wp:term":[{"taxonomy":"product_brand","embeddable":true,"href":"https:\/\/podpisz-mobilnie.pl\/uk\/wp-json\/wp\/v2\/product_brand?post=12803"},{"taxonomy":"product_cat","embeddable":true,"href":"https:\/\/podpisz-mobilnie.pl\/uk\/wp-json\/wp\/v2\/product_cat?post=12803"},{"taxonomy":"product_tag","embeddable":true,"href":"https:\/\/podpisz-mobilnie.pl\/uk\/wp-json\/wp\/v2\/product_tag?post=12803"}],"curies":[{"name":"wp","href":"https:\/\/api.w.org\/{rel}","templated":true}]}}