{"id":13312,"date":"2025-06-06T22:58:05","date_gmt":"2025-06-06T20:58:05","guid":{"rendered":"https:\/\/podpisz-mobilnie.pl\/?post_type=product&#038;p=13312"},"modified":"2026-02-23T18:52:40","modified_gmt":"2026-02-23T17:52:40","slug":"e-doreczenia-certum-twoja-skrzynka-na-elektroniczne-listy-polecone","status":"publish","type":"product","link":"https:\/\/podpisz-mobilnie.pl\/lt\/produktas\/e-doreczenia-certum-twoja-skrzynka-na-elektroniczne-listy-polecone\/","title":{"rendered":"e-Dor\u0119czenia Certum -\u2028Twoja skrzynka na elektroniczne listy polecone"},"content":{"rendered":"<p>Kto mo\u017ce za\u0142o\u017cy\u0107 skrzynk\u0119 e-Dor\u0119cze\u0144 w Certum?<br \/>Firmy (KRS, CEIDG)<br \/>Osoby fizyczne<br \/>Osoby wykonuj\u0105ce zaw\u00f3d zaufania publicznego (prawnicy, notariusze, radcy prawni)<br \/><strong>Uwaga: Administracja publiczna \u2013 zgodnie z zapisami ustawy podmioty publiczne s\u0105 zobowi\u0105zane za\u0142o\u017cy\u0107 skrzynk\u0119 e-Dor\u0119cze\u0144 u operatora wyznaczonego.<\/strong><br \/>Kwalifikowana us\u0142uga e-Dor\u0119czenia Certum co do zasady (skutku prawnego) jest to\u017csama z us\u0142ug\u0105 publiczn\u0105, a jej zalet\u0105 jest mo\u017cliwo\u015b\u0107 komunikacji z:<br \/>podmiotami publicznymi,<br \/>oraz<br \/>podmiotami niepublicznymi,<br \/>osobami fizycznymi.<br \/>Wiadomo\u015bci przesy\u0142ane z wykorzystaniem kwalifikowanego dor\u0119czenia elektronicznego maj\u0105 taki sam skutek prawny jak list polecony za potwierdzeniem odbioru.<br \/><strong>Zak\u0142adaj\u0105c skrzynk\u0119 w us\u0142udze e-Dor\u0119czenia Certum, spe\u0142nisz obowi\u0105zek posiadania adresu dor\u0119cze\u0144 elektronicznych (ADE) do kontakt\u00f3w z podmiotami publicznymi.<\/strong><br \/>Us\u0142uga doskonale sprawdza si\u0119 w sytuacjach, gdy konieczna jest wysy\u0142ka dokument\u00f3w w formie listu poleconego oraz innej cyfrowej komunikacji z kontrahentami\/klientami, takich jak:<br \/>obs\u0142uga sformalizowanej umowy,<br \/>masowa wysy\u0142ka faktur,<br \/>wezwanie do zap\u0142aty kontrahenta,<br \/>masowa wysy\u0142ka aktualizacji cennika dot. us\u0142ug bankowych,<br \/>kontakt z administracj\u0105 publiczn\u0105,<br \/>inne.<br \/>Zak\u0142adaj\u0105c skrzynk\u0119 w us\u0142udze Certum b\u0119dziesz mia\u0142 dost\u0119p do swoich przesy\u0142ek przez 24h na dob\u0119 na urz\u0105dzeniach desktopowych (komputerach stacjonarnych i laptopach) oraz mobilnych (smartfonach i tabletach).<\/p>\n<p>Metody weryfikacji to\u017csamo\u015bci w procesie wnioskowania o skrzynk\u0119 e-Dor\u0119cze\u0144<br \/><strong>1. Weryfikacja to\u017csamo\u015bci podczas wnioskowania o skrzynk\u0119 e-Dor\u0119cze\u0144 z wykorzystaniem mObywatela.<\/strong><br \/>Osoba sk\u0142adaj\u0105ca wniosek o utworzenie skrzynki w ramach kwalifikowanej us\u0142ugi rejestrowanego dor\u0119czenia potwierdza swoj\u0105 to\u017csamo\u015b\u0107 poprzez aplikacj\u0119 mObywatel lub eDo App i e-dowodu.<br \/>1) Wype\u0142nienie wniosku odbywa si\u0119 na stronie https:\/\/panel.certum.pl\/<br \/>2) Nale\u017cy zaznaczy\u0107 zgody na \u015bwiadczenie us\u0142ug oraz przetwarzanie danych osobowych.<br \/>3) Przygotuj:<br \/>Aplikacj\u0119 mobiln\u0105 mObywatel<br \/>4) Zaloguj si\u0119 do us\u0142ugi mObywatel<br \/>5) Zeskanuj kod QR aplikacj\u0105 mObywatel<br \/>6) Po podaniu danych nast\u0105pi ich weryfikacja.<br \/>7) Nast\u0119pnie nale\u017cy poda\u0107 podstawowe dane skrzynki:<br \/>typ skrzynki;<br \/>rola wnioskodawcy<br \/>identyfikator skrzynki;<br \/>8) Po podaniu danych nast\u0105pi weryfikacja skrzynki.<br \/>Je\u017celi wniosek nie wymaga dodatkowych dokument\u00f3w (np. Pe\u0142nomocnictwo), wnioskodawca przechodzi do podpisania wniosku za pomoc\u0105 podpisu SMS.<br \/>W ostatnim kroku u\u017cytkownik otrzymuje informacj\u0119 na adres email o przekazaniu wniosku do realizacji.<br \/><strong>2. Weryfikacja to\u017csamo\u015bci podczas wnioskowania o skrzynk\u0119 e-Dor\u0119cze\u0144 z wykorzystaniem kwalifikowanego podpisu elektronicznego<\/strong><br \/>Osoba sk\u0142adaj\u0105ca wniosek o utworzenie skrzynki w ramach kwalifikowanej us\u0142ugi rejestrowanego dor\u0119czenia potwierdza swoj\u0105 to\u017csamo\u015b\u0107 poprzez kwalifikowany podpis elektroniczny zgodny z eIDAS. Jest to najprostsza i najwygodniejsza opcja utworzenia skrzynki RDE.<br \/>1) Wype\u0142nienie wniosku odbywa si\u0119 na stronie https:\/\/panel.certum.pl\/ przy pomocy certyfikatu kwalifikowanego, kt\u00f3ry zawiera polski PESEL lub numer i seri\u0119 dowodu osobistego.<br \/>2) Aby rozpocz\u0105\u0107 proces wnioskowania panel Certum pobierze dane z certyfikatu.<br \/>3) U\u017cytkownik podpisuje (certyfikatem kwalifikowanym) zgod\u0119 na przekazanie danych.<br \/>4) W pierwszym kroku wnioskowania nale\u017cy poda\u0107 podstawowe dane skrzynki:<br \/>typ skrzynki;<br \/>rola wnioskodawcy<br \/>identyfikator skrzynki;<br \/>5) Po podaniu danych nast\u0105pi weryfikacja skrzynki.<br \/>6) W przypadku pozytywnej weryfikacji nale\u017cy wybra\u0107 typ skrzynki (Free, Standard, Premium).<br \/>7) Dane wnioskodawcy uzupe\u0142niane s\u0105 automatycznie na podstawie weryfikowanego wcze\u015bniej certyfikatu. Danych nie mo\u017cna edytowa\u0107. U\u017cytkownik mo\u017ce uzupe\u0142ni\u0107 brakuj\u0105ce pola w formularzu.<br \/>8) Nale\u017cy zaznaczy\u0107 zgody na \u015bwiadczenie us\u0142ug oraz przetwarzanie danych osobowych.<br \/>9) Je\u017celi wniosek nie wymaga dodatkowych dokument\u00f3w (np. Pe\u0142nomocnictwo), wnioskodawca przechodzi do podpisania wniosku za pomoc\u0105 certyfikatu kwalifikowanego.<br \/>10) W ostatnim kroku odbywa si\u0119 weryfikacja adresu email oraz weryfikacja dokumentu to\u017csamo\u015bci i u\u017cytkownik otrzymuje informacj\u0119 na adres email o przekazaniu wniosku do realizacji.<br \/><strong>3. Weryfikacja z wykorzystaniem\u202fweryfikacji osobistej na osobistym bezpo\u015brednim spotkaniu<\/strong><br \/>Weryfikacja to\u017csamo\u015bci odbywa si\u0119 podczas tradycyjnego spotkania osobistego, gdzie Operator podpisz-mobilnie.pl na bezpo\u015brednim spotkaniu dokona weryfikacji na podstawie dokumentu to\u017csamo\u015bci.<\/p>","protected":false},"excerpt":{"rendered":"<p><img decoding=\"async\" src=\"https:\/\/sklep.certum.pl\/media\/wysiwyg\/building.png\" alt=\"\">  Posiadanie skrzynki do dor\u0119cze\u0144 elektronicznych jest\u00a0<strong>obowi\u0105zkowe\u00a0<\/strong>dla firm z KRS od\u00a01\u00a0kwietnia\u00a02025\u00a0r. e-\u00a0Dor\u0119czenia Certum spe\u0142niaj\u0105 ten obowi\u0105zek, a tak\u017ce wymagania prawne ustawy o dor\u0119czeniach elektronicznych.<\/p>","protected":false},"featured_media":12746,"comment_status":"open","ping_status":"closed","template":"","meta":{"loftloader_page_shortcode":""},"product_brand":[],"product_cat":[],"product_tag":[],"class_list":{"0":"post-13312","1":"product","2":"type-product","3":"status-publish","4":"has-post-thumbnail","7":"first","8":"instock","9":"taxable","10":"shipping-taxable","11":"product-type-simple"},"_links":{"self":[{"href":"https:\/\/podpisz-mobilnie.pl\/lt\/wp-json\/wp\/v2\/product\/13312","targetHints":{"allow":["GET"]}}],"collection":[{"href":"https:\/\/podpisz-mobilnie.pl\/lt\/wp-json\/wp\/v2\/product"}],"about":[{"href":"https:\/\/podpisz-mobilnie.pl\/lt\/wp-json\/wp\/v2\/types\/product"}],"replies":[{"embeddable":true,"href":"https:\/\/podpisz-mobilnie.pl\/lt\/wp-json\/wp\/v2\/comments?post=13312"}],"wp:featuredmedia":[{"embeddable":true,"href":"https:\/\/podpisz-mobilnie.pl\/lt\/wp-json\/wp\/v2\/media\/12746"}],"wp:attachment":[{"href":"https:\/\/podpisz-mobilnie.pl\/lt\/wp-json\/wp\/v2\/media?parent=13312"}],"wp:term":[{"taxonomy":"product_brand","embeddable":true,"href":"https:\/\/podpisz-mobilnie.pl\/lt\/wp-json\/wp\/v2\/product_brand?post=13312"},{"taxonomy":"product_cat","embeddable":true,"href":"https:\/\/podpisz-mobilnie.pl\/lt\/wp-json\/wp\/v2\/product_cat?post=13312"},{"taxonomy":"product_tag","embeddable":true,"href":"https:\/\/podpisz-mobilnie.pl\/lt\/wp-json\/wp\/v2\/product_tag?post=13312"}],"curies":[{"name":"wp","href":"https:\/\/api.w.org\/{rel}","templated":true}]}}