{"id":12798,"date":"2023-11-28T20:15:36","date_gmt":"2023-11-28T19:15:36","guid":{"rendered":"https:\/\/podpisz-mobilnie.pl\/?post_type=product&#038;p=12798"},"modified":"2025-06-06T22:50:00","modified_gmt":"2025-06-06T20:50:00","slug":"podpis-elektroniczny-w-zestawie-z-karta-i-czytnikiem-certum-mini-2-lata","status":"publish","type":"product","link":"https:\/\/podpisz-mobilnie.pl\/lt\/produktas\/podpis-elektroniczny-w-zestawie-z-karta-i-czytnikiem-certum-mini-2-lata\/","title":{"rendered":"Podpis elektroniczny w zestawie z kart\u0105 i czytnikiem Certum Mini 2 lata"},"content":{"rendered":"","protected":false},"excerpt":{"rendered":"<p>Zestaw Certum MINI to urz\u0105dzenie do sk\u0142adania bezpiecznego podpisu elektronicznego. Dzi\u0119ki niewielkim rozmiarom zestaw jest bardzo wygodny w u\u017cyciu i wprost idealny dla klient\u00f3w poszukuj\u0105cych rozwi\u0105za\u0144 mobilnych.<\/p>","protected":false},"featured_media":12777,"comment_status":"closed","ping_status":"closed","template":"","meta":{"loftloader_page_shortcode":""},"product_brand":[],"product_cat":[78],"product_tag":[],"class_list":{"0":"post-12798","1":"product","2":"type-product","3":"status-publish","4":"has-post-thumbnail","6":"product_cat-podpis-elektroniczny-w-zestawie-z-karta-i-czytnikiem-certum-mini","8":"first","9":"instock","10":"product-type-simple"},"_links":{"self":[{"href":"https:\/\/podpisz-mobilnie.pl\/lt\/wp-json\/wp\/v2\/product\/12798","targetHints":{"allow":["GET"]}}],"collection":[{"href":"https:\/\/podpisz-mobilnie.pl\/lt\/wp-json\/wp\/v2\/product"}],"about":[{"href":"https:\/\/podpisz-mobilnie.pl\/lt\/wp-json\/wp\/v2\/types\/product"}],"replies":[{"embeddable":true,"href":"https:\/\/podpisz-mobilnie.pl\/lt\/wp-json\/wp\/v2\/comments?post=12798"}],"wp:featuredmedia":[{"embeddable":true,"href":"https:\/\/podpisz-mobilnie.pl\/lt\/wp-json\/wp\/v2\/media\/12777"}],"wp:attachment":[{"href":"https:\/\/podpisz-mobilnie.pl\/lt\/wp-json\/wp\/v2\/media?parent=12798"}],"wp:term":[{"taxonomy":"product_brand","embeddable":true,"href":"https:\/\/podpisz-mobilnie.pl\/lt\/wp-json\/wp\/v2\/product_brand?post=12798"},{"taxonomy":"product_cat","embeddable":true,"href":"https:\/\/podpisz-mobilnie.pl\/lt\/wp-json\/wp\/v2\/product_cat?post=12798"},{"taxonomy":"product_tag","embeddable":true,"href":"https:\/\/podpisz-mobilnie.pl\/lt\/wp-json\/wp\/v2\/product_tag?post=12798"}],"curies":[{"name":"wp","href":"https:\/\/api.w.org\/{rel}","templated":true}]}}