{"id":13430,"date":"2025-07-16T23:48:41","date_gmt":"2025-07-16T21:48:41","guid":{"rendered":"https:\/\/podpisz-mobilnie.pl\/?post_type=product&#038;p=13430"},"modified":"2025-07-17T00:21:47","modified_gmt":"2025-07-16T22:21:47","slug":"certyfikat-ev-code-signing","status":"publish","type":"product","link":"https:\/\/podpisz-mobilnie.pl\/fr\/product\/certyfikat-ev-code-signing\/","title":{"rendered":"Certyfikat EV Code Signing"},"content":{"rendered":"<p>Certyfikat\u00a0<strong>EV Code Signing<\/strong>\u00a0to certyfikat pozwalaj\u0105cy na cyfrowe podpisanie oprogramowania. Certyfikat jest zaufany przez Microsoft oraz wspomaga budow\u0119 reputacji Microsoft SmartScreen Filter.<br \/>Zabezpieczaj\u0105c oprogramowanie certyfikatem\u00a0<strong>EV Code Signing<\/strong>\u00a0mo\u017cesz ochroni\u0107 sw\u00f3j kod przed nieuprawnion\u0105 modyfikacj\u0105 oraz zapewni\u0107 u\u017cytkownikom bezpiecze\u0144stwo pobieranej aplikacji.<br \/>Dzi\u0119ki podpisaniu kodu certyfikatem\u00a0<strong>EV Code Signing<\/strong>, osoby pobieraj\u0105ce i instaluj\u0105ce Twoje oprogramowanie:<br \/>Nie zobacz\u0105 ostrze\u017ce\u0144 o \u201enieznanym wydawcy\u201d;<br \/>Zyskaj\u0105 pewno\u015b\u0107, \u017ce oprogramowanie pochodzi z zaufanego \u017ar\u00f3d\u0142a;<br \/>Otrzymuj\u0105 gwarancj\u0119, \u017ce pobrany program nie zosta\u0142 zmodyfikowany po jego wydaniu;<br \/>Rzadziej ujrz\u0105 ekran Microsoft SmartScreen Filter, kt\u00f3rego cz\u0119stotliwo\u015b\u0107 wyst\u0119powania eliminujesz podpisuj\u0105c oprogramowanie.<\/p>\n<p><strong>Zapoznaj si\u0119 z informacjami dotycz\u0105cymi wydania i u\u017cytkowania certyfikatu, dost\u0119pnymi na kolejnych kartach opisu produktu.<\/strong><\/p>\n<p>Korzy\u015bci, jakie daje Ci certyfikat EV Code Signing:<br \/>Chronisz dobre imi\u0119 marki i budujesz reputacj\u0119 firmy<br \/>Zyskujesz zaufanie u\u017cytkownik\u00f3w<br \/>Umo\u017cliwiasz wiarygodn\u0105 identyfikacj\u0119 pochodzenia oprogramowania<br \/>Otrzymujesz gwarancj\u0119 integralno\u015bci swoich aplikacji<br \/>U\u0142atwiasz instalacj\u0119 swojego oprogramowania i zapewniasz mu spe\u0142nienie wymaga\u0144 platform na kt\u00f3rych jest instalowane<br \/>Dodajesz znacznik czasu, dzi\u0119ki czemu po wyga\u015bni\u0119ciu certyfikatu Twoja aplikacja mo\u017ce by\u0107 nadal instalowana bez ostrze\u017ce\u0144 o braku podpisu<br \/>Zgodno\u015b\u0107:<br \/>Zaufany w Microsoft, r\u00f3wnie\u017c do budowy reputacji Microsoft SmartScreen Filter oraz za\u0142o\u017cenia konta w Microsoft Windows Hardware Program do podpisywania sterownik\u00f3w<br \/>Zaufany w Java<br \/>Umo\u017cliwia podpisywanie z u\u017cyciem narz\u0119dzi instalowanych w systemach Linux\/Unix i macOS<br \/>Umo\u017cliwia podpis szeregu rozszerze\u0144 plik\u00f3w, zale\u017cnie od u\u017cywanego narz\u0119dzia, w tym: .exe, .msi, .dll, .jar, .war itp.<\/p>\n<p>Wymagania:<br \/>Aplikacja proCertum CardManager<br \/>Czytnik kart kryptograficznych<br \/>Sterowniki do czytnika kart kryptograficznych<br \/>Karta kryptograficzna cryptoCertum 3.5 lub cryptoCertum 3.6<br \/>Zainicjalizowany profil zwyk\u0142y karty<br \/>Specyfikacja:<br \/>Dane w certyfikacie: dane organizacji<br \/>Zgodny ze standardem X.509 v.3 (RFC5280)<br \/>Podpisany RSA SHA-2<br \/>Minimalna d\u0142ugo\u015b\u0107 kluczy kryptograficznych: RSA 3072 bit<br \/>Przechowywanie kluczy: CC EAL6+<br \/>Wydany zgodnie z mi\u0119dzynarodowym standardem WebTrustSM\/TM oraz CA\/Browser Forum<br \/><strong>Uwaga:<\/strong>\u00a0Informujemy, \u017ce w przypadku zwrotu zestawu EV Code Signing, nie ma mo\u017cliwo\u015bci zwrotu karty kryptograficznej i otrzymania za ni\u0105 \u015brodk\u00f3w<\/p>","protected":false},"excerpt":{"rendered":"<p>Jeste\u015b wydawc\u0105 oprogramowania, programist\u0105 lub deweloperem i tworzysz kod? Udost\u0119pniasz swoje programy u\u017cytkownikom?<\/p>\n<p><strong>Zabezpiecz swoje oprogramowanie certyfikatem EV Code Signing, kt\u00f3ry zapewnia:<\/strong><br \/>Integralno\u015b\u0107<br \/>Eliminacj\u0119 komunikatu \u201eNieznany wydawca\u201d<br \/>Zaufanie u\u017cytkownik\u00f3w Twojego oprogramowania<br \/>Budow\u0119 reputacji Microsoft SmartScreen<\/p>\n<p><strong>Kod elektroniczny umo\u017cliwia aktywacj\u0119 certyfikatu klientom posiadaj\u0105cym w\u0142asn\u0105 kart\u0119 kryptograficzn\u0105 cryptoCertum oraz czytnik.\u00a0<\/strong><\/p>","protected":false},"featured_media":13449,"comment_status":"open","ping_status":"closed","template":"","meta":{"loftloader_page_shortcode":""},"product_brand":[],"product_cat":[],"product_tag":[],"class_list":{"0":"post-13430","1":"product","2":"type-product","3":"status-publish","4":"has-post-thumbnail","7":"first","8":"onbackorder","9":"taxable","10":"shipping-taxable","11":"product-type-simple"},"_links":{"self":[{"href":"https:\/\/podpisz-mobilnie.pl\/fr\/wp-json\/wp\/v2\/product\/13430","targetHints":{"allow":["GET"]}}],"collection":[{"href":"https:\/\/podpisz-mobilnie.pl\/fr\/wp-json\/wp\/v2\/product"}],"about":[{"href":"https:\/\/podpisz-mobilnie.pl\/fr\/wp-json\/wp\/v2\/types\/product"}],"replies":[{"embeddable":true,"href":"https:\/\/podpisz-mobilnie.pl\/fr\/wp-json\/wp\/v2\/comments?post=13430"}],"wp:featuredmedia":[{"embeddable":true,"href":"https:\/\/podpisz-mobilnie.pl\/fr\/wp-json\/wp\/v2\/media\/13449"}],"wp:attachment":[{"href":"https:\/\/podpisz-mobilnie.pl\/fr\/wp-json\/wp\/v2\/media?parent=13430"}],"wp:term":[{"taxonomy":"product_brand","embeddable":true,"href":"https:\/\/podpisz-mobilnie.pl\/fr\/wp-json\/wp\/v2\/product_brand?post=13430"},{"taxonomy":"product_cat","embeddable":true,"href":"https:\/\/podpisz-mobilnie.pl\/fr\/wp-json\/wp\/v2\/product_cat?post=13430"},{"taxonomy":"product_tag","embeddable":true,"href":"https:\/\/podpisz-mobilnie.pl\/fr\/wp-json\/wp\/v2\/product_tag?post=13430"}],"curies":[{"name":"wp","href":"https:\/\/api.w.org\/{rel}","templated":true}]}}