{"id":13425,"date":"2025-07-16T23:42:37","date_gmt":"2025-07-16T21:42:37","guid":{"rendered":"https:\/\/podpisz-mobilnie.pl\/?post_type=product&#038;p=13425"},"modified":"2025-07-16T23:44:35","modified_gmt":"2025-07-16T21:44:35","slug":"certyfikat-premium-ev-ssl","status":"publish","type":"product","link":"https:\/\/podpisz-mobilnie.pl\/fr\/product\/certyfikat-premium-ev-ssl\/","title":{"rendered":"Certyfikat Premium EV SSL"},"content":{"rendered":"<p><strong>Zabezpiecz swoj\u0105 stron\u0119 WWW Certyfikatem Certum Premium EV SSL!<\/strong><br \/>Certyfikat\u00a0<strong>Certum Premium EV SSL<\/strong>\u00a0to presti\u017cowy certyfikat typu\u00a0<strong>EV\u00a0(Extended Validation)<\/strong>\u00a0gwarantuj\u0105cy Twojej Witrynie maksymalny poziom bezpiecze\u0144stwa i uwierzytelnienia oraz ochron\u0119 przed phishingiem. Dzi\u0119ki rygorystycznemu procesowi weryfikacji, oferujesz swoim klientom znacznie wi\u0119cej ni\u017c szyfrowanie.<br \/>Dzi\u0119ki niemu klienci zyskuj\u0105 pewno\u015b\u0107, \u017ce Twoja strona WWW oraz firma jest bezpieczna i wiarygodna:<br \/>adres rozpoczynaj\u0105cy si\u0119 od https:\/\/ zamiast http:\/\/<br \/>nazwa Twojej firmy widoczna z poziomu przegl\u0105darki<br \/>potwierdzenie wiarygodno\u015bci Twojej firmy<br \/>\u00a0<br \/><strong>Dla kogo?\u00a0Certyfikat Certum Premium EV SSL przeznaczony jest m.in. dla:<\/strong><br \/>bank\u00f3w<br \/>instytucji finansowych<br \/>administracji publicznej<br \/>serwis\u00f3w aukcyjnych<br \/>du\u017cych sklep\u00f3w internetowych<br \/>portali informacyjnych<br \/>stron przetwarzaj\u0105cych i udost\u0119pniaj\u0105cych dane na temat zdrowia pacjent\u00f3w<br \/>serwis\u00f3w przetwarzaj\u0105cych p\u0142atno\u015bci oraz du\u017ce ilo\u015bci danych osobowych<\/p>\n<p>Najwy\u017cszy poziom bezpiecze\u0144stwa \u2013 dzi\u0119ki temu certyfikatowi nie tylko zabezpieczasz domen\u0119, ale tak\u017ce uwierzytelniasz swoje dane i dane Twojej organizacji, kt\u00f3rym Twoi U\u017cytkownicy mog\u0105 w pe\u0142ni zaufa\u0107.<br \/>Ochrona danych\u00a0 &#8211; wszystkie dane wprowadzane do Twojego serwisu, takie jak dane logowania, finansowe, osobiste s\u0105 szyfrowane oraz chronione przed przechwyceniem przez osoby trzecie<br \/>Ochrona przed phishingiem &#8211; dzi\u0119ki rygorystycznej weryfikacji, chronisz Swoj\u0105 Witryn\u0119 przed phishingiem<br \/>Wiarygodno\u015b\u0107 \u2013 dzi\u0119ki danym w certyfikacie zapewniasz swoich Odbiorc\u00f3w o transparentno\u015bci<br \/>Zaufanie \u2013 dzi\u0119ki danym o Twojej firmie dost\u0119pnych za pomoc\u0105 jednego klikni\u0119cia, klienci b\u0119d\u0105 ch\u0119tniej podejmowa\u0107 decyzje o przeprowadzeniu transakcji na Twojej witrynie<br \/>Zgodno\u015b\u0107 z RODO \u2013 dzi\u0119ki szyfrowaniu zapewniasz ochron\u0119 danych osobowych zgodnie z ustaw\u0105<\/p>\n<p><strong>Certum Premium SSL sprawdzi si\u0119, gdy chcesz zabezpieczy\u0107:<\/strong><br \/>strony instytucji finansowej lub ubezpieczeniowej<br \/>strony najwy\u017cszych urz\u0119d\u00f3w administracji publicznej (BIP, elektroniczn\u0105 skrzynk\u0119 podawcz\u0105, systemu obs\u0142ugi interesant\u00f3w)<br \/>strony przetwarzaj\u0105ce dane dotycz\u0105ce zdrowia pacjent\u00f3w<br \/>strony du\u017cego sklepu internetowego (e-commerce)<br \/>strony du\u017cych korporacji<br \/>komunikacj\u0119 z us\u0142ugami ePUAP<br \/>\u00a0<br \/><strong>Jakie korzy\u015bci zyskasz dzi\u0119ki Certyfikatowi Certum Premium EV SSL?<\/strong><br \/>Oferujesz swoim klientom najwy\u017cszy poziom zaufania i bezpiecze\u0144stwa<br \/>Gwarantujesz zabezpieczenie procesu przep\u0142ywu danych pomi\u0119dzy u\u017cytkownikiem Internetu a serwerem lub witryn\u0105 internetow\u0105<br \/>Zaufanie klient\u00f3w, k\u00f3rzy mog\u0105 powierzy\u0107 danym zweryfikowanym przez Zaufan\u0105 Trzeci\u0105 Stron\u0119<br \/>Zyskujesz zaufanie klient\u00f3w, dzi\u0119ki zielonej ikonie k\u0142\u00f3dki w pasku adresu przegl\u0105darki.<br \/>Zwi\u0119kszasz sprzeda\u017c, gdy\u017c klienci zdecydowanie cz\u0119\u015bciej robi\u0105 zakupy na stronach zabezpieczonych certyfikatem EV SSL.<br \/>Spe\u0142niasz zalecenia ustawy o ochronie danych osobowych.<\/p>\n<p><strong>Parametry Certyfikatu<\/strong>\u00a0<strong>Certum Premium EV SSL<\/strong><br \/>zgodno\u015b\u0107 ze standardem X.509 v.3 (RFC5280)<br \/>zabezpieczony funkcj\u0105 skr\u00f3tu SHA2<br \/>obs\u0142uga si\u0142y szyfrowania po\u0142\u0105cze\u0144 do 256 bit\u00f3w<br \/>wsparcie dla SGC (Server Gated Cryptography)<br \/>obs\u0142uga kluczy o d\u0142ugo\u015bci 4096 bit\u00f3w i wi\u0119cej<br \/>minimalna d\u0142ugo\u015b\u0107 kluczy kryptograficznych: RSA lub DSA 2048 bit, EC 571 bit: NIST K-571 oraz NIST B-571<br \/>mo\u017cliwa jest weryfikacja statusu certyfikatu przy pomocy list CRL oraz protoko\u0142u OCSP<\/p>","protected":false},"excerpt":{"rendered":"<p>Prowadzisz dzia\u0142alno\u015b\u0107 w Internecie, np. oferujesz bankowo\u015b\u0107 elektroniczn\u0105, us\u0142ugi ubezpieczeniowe, prowadzisz presti\u017cowy e-sklep? Przetwarzasz dane osobowe oraz umo\u017cliwiasz dokonywanie p\u0142atno\u015bci online?<\/p>\n<p><strong>Zabezpiecz swoj\u0105 witryn\u0119 internetow\u0105 presti\u017cowym certyfikatem Certum Premium EV!<\/strong><br \/>Informacje o w\u0142a\u015bcicielu widoczne bezpo\u015brednio w przegl\u0105darce<br \/>Gwarancja finansowa\u00a0<strong>1 000 000 \u20ac<\/strong><br \/>Obs\u0142uga domen:\u00a0<strong>1, 4, 6, 10<\/strong><br \/>Okres wa\u017cno\u015bci:\u00a0<strong>1 rok<\/strong><\/p>","protected":false},"featured_media":13426,"comment_status":"open","ping_status":"closed","template":"","meta":{"loftloader_page_shortcode":""},"product_brand":[],"product_cat":[],"product_tag":[],"class_list":{"0":"post-13425","1":"product","2":"type-product","3":"status-publish","4":"has-post-thumbnail","7":"first","8":"onbackorder","9":"taxable","10":"shipping-taxable","11":"product-type-simple"},"_links":{"self":[{"href":"https:\/\/podpisz-mobilnie.pl\/fr\/wp-json\/wp\/v2\/product\/13425","targetHints":{"allow":["GET"]}}],"collection":[{"href":"https:\/\/podpisz-mobilnie.pl\/fr\/wp-json\/wp\/v2\/product"}],"about":[{"href":"https:\/\/podpisz-mobilnie.pl\/fr\/wp-json\/wp\/v2\/types\/product"}],"replies":[{"embeddable":true,"href":"https:\/\/podpisz-mobilnie.pl\/fr\/wp-json\/wp\/v2\/comments?post=13425"}],"wp:featuredmedia":[{"embeddable":true,"href":"https:\/\/podpisz-mobilnie.pl\/fr\/wp-json\/wp\/v2\/media\/13426"}],"wp:attachment":[{"href":"https:\/\/podpisz-mobilnie.pl\/fr\/wp-json\/wp\/v2\/media?parent=13425"}],"wp:term":[{"taxonomy":"product_brand","embeddable":true,"href":"https:\/\/podpisz-mobilnie.pl\/fr\/wp-json\/wp\/v2\/product_brand?post=13425"},{"taxonomy":"product_cat","embeddable":true,"href":"https:\/\/podpisz-mobilnie.pl\/fr\/wp-json\/wp\/v2\/product_cat?post=13425"},{"taxonomy":"product_tag","embeddable":true,"href":"https:\/\/podpisz-mobilnie.pl\/fr\/wp-json\/wp\/v2\/product_tag?post=13425"}],"curies":[{"name":"wp","href":"https:\/\/api.w.org\/{rel}","templated":true}]}}