{"id":13419,"date":"2025-07-16T23:31:18","date_gmt":"2025-07-16T21:31:18","guid":{"rendered":"https:\/\/podpisz-mobilnie.pl\/?post_type=product&#038;p=13419"},"modified":"2025-07-16T23:35:55","modified_gmt":"2025-07-16T21:35:55","slug":"certyfikat-commercial-dv-ssl","status":"publish","type":"product","link":"https:\/\/podpisz-mobilnie.pl\/fr\/product\/certyfikat-commercial-dv-ssl\/","title":{"rendered":"Certyfikat Commercial DV SSL"},"content":{"rendered":"<p><strong>Certum Commercial SSL<\/strong>\u00a0to podstawowy certyfikat SSL\u00a0<strong>typu\u00a0DV\u00a0(Domain Validation)<\/strong>, kt\u00f3ry:<br \/>zabezpiecza Twoj\u0105 domen\u0119, szyfruje ruch na stronie, chroni\u0105c wszystkie wprowadzane dane oraz umo\u017cliwia bezpieczne logowanie<br \/>eliminuje komunikat o \u201eNiebezpiecznej stronie internetowej\u201d<br \/>zabezpiecza wszystkie Twoje subdomeny, dzi\u0119ki opcji Wildcard<br \/>\u00a0<br \/>Dzi\u0119ki niemu klienci \u0142atwo i szybko sprawdz\u0105 wiarygodno\u015b\u0107 Twojej strony WWW poprzez:<br \/>adres rozpoczynaj\u0105cy si\u0119 od https:\/\/ zamiast http:\/\/<br \/>pojawienie si\u0119 ikony zielonej k\u0142\u00f3dki symbolizuj\u0105cej bezpieczne po\u0142\u0105czenie SSL<br \/>znak zaufania Trust Seal SSL Certum<br \/>\u00a0<br \/><strong>Dla kogo?\u00a0Certyfikat Certum Commercial SSL jest idealny dla:<\/strong><br \/>ma\u0142ych stron internetowych, np. stron osobistych<br \/>niekomercyjnych stron www<br \/>ma\u0142ych portali internetowych<br \/>serwer\u00f3w FTP<br \/>for\u00f3w internetowych<br \/>blog\u00f3w<\/p>\n<p><strong>Istotne cechy Certyfikatu Certum Commercial SSL:<\/strong><br \/>Certum Commercial SSL jest uznawany przez popularne przegl\u0105darki internetowe, a uproszczona procedura zakupu umo\u017cliwia instalowanie certyfikatu po dokonaniu p\u0142atno\u015bci i weryfikacji prawa do domeny.<br \/>Certum Commercial SSL w wariancie MultiDomain przeznaczony jest do szyfrowania pojedynczym certyfikatem po\u0142\u0105cze\u0144 do wielu r\u00f3\u017cnych domen. Jednym certyfikatem mo\u017cna zast\u0105pi\u0107 4, 6 a nawet 10 certyfikat\u00f3w SSL.<br \/>Certum Commercial SSL w wariancieWildcard\u00a0umo\u017cliwi zabezpieczenie dowolnej liczby subdomen (np. sklep.twojadomena.pl, poczta.twojadomena.pl) w domenie g\u0142\u00f3wnej *.twojadomena.pl<br \/>Certyfikat Certum Commercial SSL wydawany jest zgodnie ze \u015bwiatowymi standardami WebTrust, co czyni go zaufanym w skali globalnej we wszystkich uznanych przegl\u0105darkach internetowych.<br \/>30 dniowa gwarancja bezp\u0142atnej wymiany certyfikatu SSL na nowy (mechanizm reissue umo\u017cliwia ponowne wydanie certyfikatu z zachowaniem daty ko\u0144ca wa\u017cno\u015bci certyfikatu).<br \/>\u00a0<br \/><strong>Certum Commercial SSL sprawdzi si\u0119, gdy chcesz zabezpieczy\u0107:<\/strong><br \/>strony internetowe &#8211; portal spo\u0142eczno\u015bciowy, blog, lub forum internetowe<br \/>serwer pocztowy lub serwer baz danych<br \/>serwer FTP<br \/>aplikacje typu klient-serwer<br \/>wymian\u0119 danych w sieci Intranet<br \/>komunikacj\u0119 z Facebook Apps<br \/>\u00a0<br \/><strong>Jakie korzy\u015bci daje Certyfikat\u00a0Certum Commercial SSL?<\/strong><br \/>Budujesz wiarygodno\u015b\u0107 swojej strony w Internecie, pokazuj\u0105c, \u017ce dbasz o bezpiecze\u0144stwo danych.<br \/>Gwarantujesz poufno\u015b\u0107 i bezpiecze\u0144stwo wszystkich danych przesy\u0142anych pomi\u0119dzy stron\u0105 WWW, a jej u\u017cytkownikiem.<br \/>Zyskujesz zaufanie klient\u00f3w, dzi\u0119ki zielonej ikonie k\u0142\u00f3dki w pasku adresu przegl\u0105darki.<br \/>Zwi\u0119kszasz sprzeda\u017c, gdy\u017c klienci ch\u0119tniej robi\u0105 zakupy i u\u017cywaj\u0105 kart p\u0142atniczych na stronach zabezpieczonych certyfikatem SSL.<br \/>Spe\u0142niasz wymogi ustawy o ochronie danych osobowych.<br \/>Zapewniasz swojej stronie internetowej wy\u017csz\u0105 pozycj\u0119 w wynikach wyszukiwania Google.<\/p>\n<p><strong>Dost\u0119pne r\u00f3wnie\u017c wsparcie dla protoko\u0142u ACME !<\/strong><\/p>\n<p><strong>Parametry Certyfikatu<\/strong>\u00a0<strong>Certum Commercial SSL:<\/strong><br \/>zgodno\u015b\u0107 ze standardem X.509 v.3 (RFC5280)<br \/>zabezpieczony funkcj\u0105 skr\u00f3tu SHA2<br \/>obs\u0142uga si\u0142y szyfrowania po\u0142\u0105cze\u0144 do 256 bit\u00f3w<br \/>wsparcie dla SGC (Server Gated Cryptography)<br \/>obs\u0142uga kluczy o d\u0142ugo\u015bci 4096 bit\u00f3w i wi\u0119cej<br \/>minimalna d\u0142ugo\u015b\u0107 kluczy kryptograficznych: RSA lub DSA 2048 bit, EC 571 bit: NIST K-571 oraz NIST B-571<br \/>mo\u017cliwa jest weryfikacja statusu certyfikatu przy pomocy list CRL oraz protoko\u0142u OCSP<\/p>","protected":false},"excerpt":{"rendered":"<p>Prowadzisz dzia\u0142alno\u015b\u0107 w Internecie, np. ma\u0142y e-sklep, portal, blog lub forum? Umieszczasz na stronie formularze rejestracji oraz logowania? Przetwarzasz dane osobowe?<\/p>\n<p><strong>Zabezpiecz swoj\u0105 witryn\u0119 internetow\u0105 podstawowym certyfikatem Certum DV Commercial SSL!<\/strong><br \/>Automatyczne wydanie certyfikatu w ci\u0105gu godziny<br \/>Gwarancja finansowa\u00a0<strong>200 000 \u20ac<\/strong><br \/>Obs\u0142uga domen:\u00a0<strong>1, 4, 6, 10, Wildcard<\/strong><br \/>Okres wa\u017cno\u015bci:\u00a0<strong>1 rok<\/strong><\/p>","protected":false},"featured_media":13420,"comment_status":"open","ping_status":"closed","template":"","meta":{"loftloader_page_shortcode":""},"product_brand":[],"product_cat":[],"product_tag":[],"class_list":{"0":"post-13419","1":"product","2":"type-product","3":"status-publish","4":"has-post-thumbnail","7":"first","8":"onbackorder","9":"taxable","10":"shipping-taxable","11":"product-type-simple"},"_links":{"self":[{"href":"https:\/\/podpisz-mobilnie.pl\/fr\/wp-json\/wp\/v2\/product\/13419","targetHints":{"allow":["GET"]}}],"collection":[{"href":"https:\/\/podpisz-mobilnie.pl\/fr\/wp-json\/wp\/v2\/product"}],"about":[{"href":"https:\/\/podpisz-mobilnie.pl\/fr\/wp-json\/wp\/v2\/types\/product"}],"replies":[{"embeddable":true,"href":"https:\/\/podpisz-mobilnie.pl\/fr\/wp-json\/wp\/v2\/comments?post=13419"}],"wp:featuredmedia":[{"embeddable":true,"href":"https:\/\/podpisz-mobilnie.pl\/fr\/wp-json\/wp\/v2\/media\/13420"}],"wp:attachment":[{"href":"https:\/\/podpisz-mobilnie.pl\/fr\/wp-json\/wp\/v2\/media?parent=13419"}],"wp:term":[{"taxonomy":"product_brand","embeddable":true,"href":"https:\/\/podpisz-mobilnie.pl\/fr\/wp-json\/wp\/v2\/product_brand?post=13419"},{"taxonomy":"product_cat","embeddable":true,"href":"https:\/\/podpisz-mobilnie.pl\/fr\/wp-json\/wp\/v2\/product_cat?post=13419"},{"taxonomy":"product_tag","embeddable":true,"href":"https:\/\/podpisz-mobilnie.pl\/fr\/wp-json\/wp\/v2\/product_tag?post=13419"}],"curies":[{"name":"wp","href":"https:\/\/api.w.org\/{rel}","templated":true}]}}