{"id":12819,"date":"2023-12-22T18:09:32","date_gmt":"2023-12-22T17:09:32","guid":{"rendered":"https:\/\/podpisz-mobilnie.pl\/?post_type=product&#038;p=12819"},"modified":"2025-06-06T22:47:00","modified_gmt":"2025-06-06T20:47:00","slug":"odnowienie-podpisu-elektronicznego-w-aplikacji-mobilnej-simplysign-1-rok","status":"publish","type":"product","link":"https:\/\/podpisz-mobilnie.pl\/fr\/product\/odnowienie-podpisu-elektronicznego-w-aplikacji-mobilnej-simplysign-1-rok\/","title":{"rendered":"Odnowienie podpisu elektronicznego w aplikacji mobilnej SimplySign 1 rok"},"content":{"rendered":"","protected":false},"excerpt":{"rendered":"<p>Odnowienie podpisu elektronicznego w aplikacji mobilnej SimplySign jest Ci potrzebne, kiedy zbli\u017ca si\u0119 koniec terminu wa\u017cno\u015bci Twojego certyfikatu.<br \/>Dlaczego warto zadba\u0107 o odnowienie mobilnego e-podpisu?<br \/>odnawiaj\u0105c podpis zapewnisz sobie ci\u0105g\u0142o\u015b\u0107 m.in. w podpisywaniu dokument\u00f3w, um\u00f3w B2B, w kontaktach z ZUS, US, KRS, itp.<br \/>przed\u0142u\u017cysz wa\u017cno\u015b\u0107 swojego podpisu kwalifikowanego na okres 1 roku, 2 lub 3 lat<br \/>koszt odnowienia podpisu elektronicznego jest ni\u017cszy\u00a0ni\u017c koszt zakupu nowego certyfikatu<br \/>odnowienie wykonasz w prosty spos\u00f3b online, bez wychodzenia z domu lub biura<br \/>e-podpis Certum jako jeden z niewielu na rynku jest automatycznie rozpoznawany w oprogramowaniu Adobe, czyli we wszystkich dokumentach \u00a0PDF, kt\u00f3re podpisujesz<br \/>otrzymasz 5000 kwalifikowanych znacznik\u00f3w czasu na miesi\u0105c.<\/p>","protected":false},"featured_media":12820,"comment_status":"closed","ping_status":"closed","template":"","meta":{"loftloader_page_shortcode":""},"product_brand":[],"product_cat":[84,77],"product_tag":[],"class_list":{"0":"post-12819","1":"product","2":"type-product","3":"status-publish","4":"has-post-thumbnail","6":"product_cat-odnownienia-podpisu-usb-oraz-simplysign","7":"product_cat-podpis-elektroniczny-w-aplikacji-mobilnej-simplysign","9":"first","10":"instock","11":"taxable","12":"shipping-taxable","13":"product-type-simple"},"_links":{"self":[{"href":"https:\/\/podpisz-mobilnie.pl\/fr\/wp-json\/wp\/v2\/product\/12819","targetHints":{"allow":["GET"]}}],"collection":[{"href":"https:\/\/podpisz-mobilnie.pl\/fr\/wp-json\/wp\/v2\/product"}],"about":[{"href":"https:\/\/podpisz-mobilnie.pl\/fr\/wp-json\/wp\/v2\/types\/product"}],"replies":[{"embeddable":true,"href":"https:\/\/podpisz-mobilnie.pl\/fr\/wp-json\/wp\/v2\/comments?post=12819"}],"wp:featuredmedia":[{"embeddable":true,"href":"https:\/\/podpisz-mobilnie.pl\/fr\/wp-json\/wp\/v2\/media\/12820"}],"wp:attachment":[{"href":"https:\/\/podpisz-mobilnie.pl\/fr\/wp-json\/wp\/v2\/media?parent=12819"}],"wp:term":[{"taxonomy":"product_brand","embeddable":true,"href":"https:\/\/podpisz-mobilnie.pl\/fr\/wp-json\/wp\/v2\/product_brand?post=12819"},{"taxonomy":"product_cat","embeddable":true,"href":"https:\/\/podpisz-mobilnie.pl\/fr\/wp-json\/wp\/v2\/product_cat?post=12819"},{"taxonomy":"product_tag","embeddable":true,"href":"https:\/\/podpisz-mobilnie.pl\/fr\/wp-json\/wp\/v2\/product_tag?post=12819"}],"curies":[{"name":"wp","href":"https:\/\/api.w.org\/{rel}","templated":true}]}}