{"id":13423,"date":"2025-07-16T23:39:49","date_gmt":"2025-07-16T21:39:49","guid":{"rendered":"https:\/\/podpisz-mobilnie.pl\/?post_type=product&#038;p=13423"},"modified":"2025-07-16T23:42:03","modified_gmt":"2025-07-16T21:42:03","slug":"certyfikat-trusted-ov-ssl","status":"publish","type":"product","link":"https:\/\/podpisz-mobilnie.pl\/es\/product\/certyfikat-trusted-ov-ssl\/","title":{"rendered":"Certyfikat Trusted OV SSL"},"content":{"rendered":"<p><strong>Certyfikat Certum Trusted SSL<\/strong>\u00a0to certyfikat\u00a0<strong>typu\u00a0OV\u00a0(Organization Validation)<\/strong>, dzi\u0119ki kt\u00f3remu:<br \/>zabezpieczasz swoj\u0105 domen\u0119, szyfrujesz ruch na stronie, chroni\u0105c wszystkie wprowadzane dane oraz zapewniasz bezpieczne logowanie<br \/>wyeliminujesz komunikat o \u201eNiebezpiecznej stronie internetowej\u201d<br \/>zapewniasz transparentno\u015b\u0107 i wiarygodno\u015b\u0107 swojej stronie internetowej poprzez weryfikacj\u0119 danych zawartych w certyfikacie przez Zaufan\u0105 Trzeci\u0105 Stron\u0119<br \/>\u00a0<br \/>Twoi klienci \u0142atwo i szybko sprawdz\u0105 wiarygodno\u015b\u0107 strony WWW poprzez:<br \/>adres rozpoczynaj\u0105cy si\u0119 od https:\/\/ zamiast http:\/\/<br \/>nazw\u0119 Twojej firmy w szczeg\u00f3\u0142ach certyfikatu<br \/>znak Zaufania Certum Trust Seal<br \/>\u00a0<br \/><strong>Dla kogo?\u00a0Certyfikat Certum Trusted SSL sprawdzi si\u0119 dla:<\/strong><br \/>\u015brednich sklep\u00f3w internetowych<br \/>lokalnych portali informacyjnych<br \/>serwis\u00f3w administracji publicznej<br \/>stron www biznesowych<br \/>portali s\u0142u\u017c\u0105cych do rezerwacji\u00a0<\/p>\n<p><strong>Istotne cechy Certyfikatu Certum Trusted SSL:<\/strong><br \/>Certum Trusted zawiera dane Twojej Firmy, dzi\u0119ki czemu Twoi klienci w prosty spos\u00f3b mog\u0105 zweryfikowa\u0107 wiarygodno\u015b\u0107 organizacji<br \/>Certum Trusted SSLw wariancie MultiDomain przeznaczony jest do szyfrowania pojedynczym certyfikatem po\u0142\u0105cze\u0144 do wielu r\u00f3\u017cnych domen. Jednym certyfikatem mo\u017cna zast\u0105pi\u0107 4, 6 a nawet 10 certyfikat\u00f3w SSL.<br \/>Certum Trusted SSLw wariancie\u00a0Wildcard\u00a0umo\u017cliwia zabezpieczenie dowolnej liczby subdomen (np. sklep.twojadomena.pl, poczta.twojadomena.pl) w domenie g\u0142\u00f3wnej *.twojadomena.pl<br \/>Certyfikat Certum Trusted SSLwydawany jest zgodnie ze \u015bwiatowymi standardami WebTrust, co czyni go zaufanym w skali globalnej we wszystkich uznanych przegl\u0105darkach internetowych, w\u00a0tym Chrome, Firefox, Opera itp.<br \/>30 dniowa gwarancja bezp\u0142atnej wymiany certyfikatu SSL na nowy<br \/>(mechanizm reissue umo\u017cliwia ponowne wydanie certyfikatuz zachowaniem daty ko\u0144ca wa\u017cno\u015bci certyfikatu).<\/p>\n<p><strong>Certum Trusted SSL sprawdzi si\u0119, gdy chcesz zabezpieczy\u0107:<\/strong><br \/>strony instytucji finansowej lub ubezpieczeniowej<br \/>strony najwy\u017cszych urz\u0119d\u00f3w administracji publicznej (BIP, elektroniczn\u0105 skrzynk\u0119 podawcz\u0105, systemu obs\u0142ugi interesant\u00f3w)<br \/>strony przetwarzaj\u0105ce dane dotycz\u0105ce zdrowia pacjent\u00f3w<br \/>strony du\u017cego sklepu internetowego (e-commerce)<br \/>strony du\u017cych korporacji<br \/>komunikacj\u0119 z us\u0142ugami ePUAP<br \/>\u00a0<br \/><strong>Jakie korzy\u015bci zyskujesz dzi\u0119ki Certyfikatowi\u00a0Certum\u00a0Trusted\u00a0SSL?<\/strong><br \/>Wiarygodno\u015b\u0107 \u2013 pokazujesz, \u017ce Twoja firma dba o bezpiecze\u0144stwo danych.<br \/>Bezpiecze\u0144stwo i poufno\u015b\u0107 \u2013 chronisz wszystkie dane przesy\u0142ane pomi\u0119dzy stron\u0105 WWW, a jej u\u017cytkownikiem.<br \/>Zaufanie klient\u00f3w \u2013 budujesz dzi\u0119ki obecno\u015bci ikony k\u0142\u00f3dki w pasku adresu przegl\u0105darki.<br \/>Zwi\u0119kszasz sprzeda\u017c \u2013 gwarantujesz bezpieczne zakupy swoim klientom, kt\u00f3rzy ch\u0119tniej kupuj\u0105 na zabezpieczonych stronach www.<br \/>Zgodno\u015b\u0107 z prawem \u2013 spe\u0142niasz wymogi ustawy o ochronie danych osobowych.<br \/>Wy\u017csza pozycja w wyszukiwarkach \u2013 zapewniasz swojej stronie internetowej wy\u017csz\u0105 pozycj\u0119 w wynikach wyszukiwania Google.<\/p>\n<p><strong>Parametry Certyfikatu<\/strong>\u00a0<strong>Certum Trusted SSL:<\/strong><br \/>zgodno\u015b\u0107 ze standardem X.509 v.3 (RFC5280)<br \/>zabezpieczony funkcj\u0105 skr\u00f3tu SHA2<br \/>obs\u0142uga si\u0142y szyfrowania po\u0142\u0105cze\u0144 do 256 bit\u00f3w<br \/>wsparcie dla SGC (Server Gated Cryptography)<br \/>obs\u0142uga kluczy o d\u0142ugo\u015bci 4096 bit\u00f3w i wi\u0119cej<br \/>minimalna d\u0142ugo\u015b\u0107 kluczy kryptograficznych: RSA lub DSA 2048 bit, EC 571 bit: NIST K-571 oraz NIST B-571<br \/>mo\u017cliwa jest weryfikacja statusu certyfikatu przy pomocy list CRL oraz protoko\u0142u OCSP<\/p>","protected":false},"excerpt":{"rendered":"<p>Prowadzisz dzia\u0142alno\u015b\u0107 w Internecie, np. ma\u0142y lub \u015bredni sklep internetowy, serwis biznesowy, portal internetowy? Przetwarzasz dane osobowe i umieszczasz na stronie formularze rejestracji oraz pozwalasz na logowania\u00a0 i wprowadzanie danych finansowych?<\/p>\n<p><strong>Zabezpiecz swoj\u0105 witryn\u0119 internetow\u0105 certyfikatem Certum OV Trusted SSL!<\/strong><br \/>Potwierdzenie to\u017csamo\u015bci firmy<br \/>Gwarancja finansowa\u00a0<strong>400 000 \u20ac<\/strong><br \/>Obs\u0142uga domen:\u00a0<strong>1, 4, 6, 10, Wildcard<\/strong><br \/>Okres wa\u017cno\u015bci:\u00a0<strong>1 rok<\/strong><\/p>","protected":false},"featured_media":13424,"comment_status":"open","ping_status":"closed","template":"","meta":{"loftloader_page_shortcode":""},"product_brand":[],"product_cat":[],"product_tag":[],"class_list":{"0":"post-13423","1":"product","2":"type-product","3":"status-publish","4":"has-post-thumbnail","7":"first","8":"onbackorder","9":"taxable","10":"shipping-taxable","11":"product-type-simple"},"_links":{"self":[{"href":"https:\/\/podpisz-mobilnie.pl\/es\/wp-json\/wp\/v2\/product\/13423","targetHints":{"allow":["GET"]}}],"collection":[{"href":"https:\/\/podpisz-mobilnie.pl\/es\/wp-json\/wp\/v2\/product"}],"about":[{"href":"https:\/\/podpisz-mobilnie.pl\/es\/wp-json\/wp\/v2\/types\/product"}],"replies":[{"embeddable":true,"href":"https:\/\/podpisz-mobilnie.pl\/es\/wp-json\/wp\/v2\/comments?post=13423"}],"wp:featuredmedia":[{"embeddable":true,"href":"https:\/\/podpisz-mobilnie.pl\/es\/wp-json\/wp\/v2\/media\/13424"}],"wp:attachment":[{"href":"https:\/\/podpisz-mobilnie.pl\/es\/wp-json\/wp\/v2\/media?parent=13423"}],"wp:term":[{"taxonomy":"product_brand","embeddable":true,"href":"https:\/\/podpisz-mobilnie.pl\/es\/wp-json\/wp\/v2\/product_brand?post=13423"},{"taxonomy":"product_cat","embeddable":true,"href":"https:\/\/podpisz-mobilnie.pl\/es\/wp-json\/wp\/v2\/product_cat?post=13423"},{"taxonomy":"product_tag","embeddable":true,"href":"https:\/\/podpisz-mobilnie.pl\/es\/wp-json\/wp\/v2\/product_tag?post=13423"}],"curies":[{"name":"wp","href":"https:\/\/api.w.org\/{rel}","templated":true}]}}