{"id":12797,"date":"2023-11-28T20:13:32","date_gmt":"2023-11-28T19:13:32","guid":{"rendered":"https:\/\/podpisz-mobilnie.pl\/?post_type=product&#038;p=12797"},"modified":"2025-06-06T22:50:35","modified_gmt":"2025-06-06T20:50:35","slug":"podpis-elektroniczny-w-aplikacji-mobilnej-simplysign-3lata","status":"publish","type":"product","link":"https:\/\/podpisz-mobilnie.pl\/en\/product\/podpis-elektroniczny-w-aplikacji-mobilnej-simplysign-3lata\/","title":{"rendered":"Podpis elektroniczny w aplikacji mobilnej SimplySign 3lata"},"content":{"rendered":"","protected":false},"excerpt":{"rendered":"<p>SimplySign to mobilny kwalifikowany podpis elektroniczny do bezpiecznego podpisywania e-dokument\u00f3w.<br \/>Podpis elektroniczny SimplySign dzia\u0142a w dedykowanej aplikacji. Dzi\u0119ki niemu sygnujesz dokumenty w dowolnym czasie \u2013 na telefonie, tablecie lub komputerze.<br \/>To pierwsze tego typu rozwi\u0105zanie oferowane na polskim rynku, kt\u00f3re gwarantuje Ci pe\u0142n\u0105 mobilno\u015b\u0107 \u2013 funkcjonuje bez fizycznej karty oraz czytnika. Dzi\u0119ki temu masz zawsze przy sobie nowoczesne, wirtualne narz\u0119dzie s\u0142u\u017c\u0105ce do podpisywania wszelkich dokument\u00f3w elektronicznych z moc\u0105 podpisu w\u0142asnor\u0119cznego<\/p>","protected":false},"featured_media":12771,"comment_status":"closed","ping_status":"closed","template":"","meta":{"loftloader_page_shortcode":""},"product_brand":[],"product_cat":[77],"product_tag":[],"class_list":{"0":"post-12797","1":"product","2":"type-product","3":"status-publish","4":"has-post-thumbnail","6":"product_cat-podpis-elektroniczny-w-aplikacji-mobilnej-simplysign","8":"first","9":"instock","10":"product-type-simple"},"_links":{"self":[{"href":"https:\/\/podpisz-mobilnie.pl\/en\/wp-json\/wp\/v2\/product\/12797","targetHints":{"allow":["GET"]}}],"collection":[{"href":"https:\/\/podpisz-mobilnie.pl\/en\/wp-json\/wp\/v2\/product"}],"about":[{"href":"https:\/\/podpisz-mobilnie.pl\/en\/wp-json\/wp\/v2\/types\/product"}],"replies":[{"embeddable":true,"href":"https:\/\/podpisz-mobilnie.pl\/en\/wp-json\/wp\/v2\/comments?post=12797"}],"wp:featuredmedia":[{"embeddable":true,"href":"https:\/\/podpisz-mobilnie.pl\/en\/wp-json\/wp\/v2\/media\/12771"}],"wp:attachment":[{"href":"https:\/\/podpisz-mobilnie.pl\/en\/wp-json\/wp\/v2\/media?parent=12797"}],"wp:term":[{"taxonomy":"product_brand","embeddable":true,"href":"https:\/\/podpisz-mobilnie.pl\/en\/wp-json\/wp\/v2\/product_brand?post=12797"},{"taxonomy":"product_cat","embeddable":true,"href":"https:\/\/podpisz-mobilnie.pl\/en\/wp-json\/wp\/v2\/product_cat?post=12797"},{"taxonomy":"product_tag","embeddable":true,"href":"https:\/\/podpisz-mobilnie.pl\/en\/wp-json\/wp\/v2\/product_tag?post=12797"}],"curies":[{"name":"wp","href":"https:\/\/api.w.org\/{rel}","templated":true}]}}