{"id":13428,"date":"2025-07-16T23:44:58","date_gmt":"2025-07-16T21:44:58","guid":{"rendered":"https:\/\/podpisz-mobilnie.pl\/?post_type=product&#038;p=13428"},"modified":"2025-07-16T23:48:13","modified_gmt":"2025-07-16T21:48:13","slug":"certyfikat-ev-code-signing-w-chmurze","status":"publish","type":"product","link":"https:\/\/podpisz-mobilnie.pl\/de\/produkt\/certyfikat-ev-code-signing-w-chmurze\/","title":{"rendered":"Certyfikat EV Code Signing w chmurze"},"content":{"rendered":"<p>Certyfikat\u00a0<strong>EV Code Signing\u00a0<\/strong>to certyfikat pozwalaj\u0105cy na cyfrowe podpisanie oprogramowania. Certyfikat jest zaufany przez Microsoft oraz wspomaga budow\u0119 reputacji Microsoft SmartScreen Filter.<br \/>Zabezpieczaj\u0105c oprogramowanie certyfikatem\u00a0<strong>EV Code Signing<\/strong>\u00a0mo\u017cesz ochroni\u0107 sw\u00f3j kod przed nieuprawnion\u0105 modyfikacj\u0105 oraz zapewni\u0107 u\u017cytkownikom bezpiecze\u0144stwo pobieranej aplikacji.<br \/>Dzi\u0119ki podpisaniu kodu certyfikatem\u00a0<strong>EV Code Signing<\/strong>, osoby pobieraj\u0105ce i instaluj\u0105ce Twoje oprogramowanie:<br \/>Nie zobacz\u0105 ostrze\u017ce\u0144 o \u201enieznanym wydawcy\u201d;<br \/>Zyskaj\u0105 pewno\u015b\u0107, \u017ce oprogramowanie pochodzi z zaufanego \u017ar\u00f3d\u0142a;<br \/>Otrzymuj\u0105 gwarancj\u0119, \u017ce pobrany program nie zosta\u0142 zmodyfikowany po jego wydaniu;<br \/>Rzadziej ujrz\u0105 ekran Microsoft SmartScreen Filter, kt\u00f3rego cz\u0119stotliwo\u015b\u0107 wyst\u0119powania eliminujesz podpisuj\u0105c oprogramowanie.<br \/><strong>Zapoznaj si\u0119 z informacjami dotycz\u0105cymi wydania i u\u017cytkowania certyfikatu, dost\u0119pnymi na kolejnych kartach opisu produktu.<\/strong><\/p>\n<p>Korzy\u015bci, jakie daje Ci certyfikat EV Code Signing w chmurze:<br \/>Chronisz dobre imi\u0119 marki i budujesz reputacj\u0119 firmy;<br \/>Zyskujesz zaufanie u\u017cytkownik\u00f3w;<br \/>Umo\u017cliwiasz wiarygodn\u0105 identyfikacj\u0119 pochodzenia oprogramowania;<br \/>Otrzymujesz gwarancj\u0119 integralno\u015bci swoich aplikacji;<br \/>U\u0142atwiasz instalacj\u0119 swojego oprogramowania i zapewniasz mu spe\u0142nienie wymaga\u0144 platform na kt\u00f3rych jest instalowane;<br \/>Dodajesz znacznik czasu, dzi\u0119ki czemu po wyga\u015bni\u0119ciu certyfikatu Twoja aplikacja mo\u017ce by\u0107 nadal instalowana bez ostrze\u017ce\u0144 o braku podpisu;<br \/>Korzystasz z dowolnego miejsca w dowolnym czasie.<br \/>Zgodno\u015b\u0107:<br \/>Zaufany w Microsoft, r\u00f3wnie\u017c do budowy reputacji Microsoft SmartScreen Filter oraz za\u0142o\u017cenia konta w Microsoft Windows Hardware Program do podpisywania sterownik\u00f3w;<br \/>Zaufany w Java;<br \/>Umo\u017cliwia podpisywanie z u\u017cyciem narz\u0119dzi instalowanych w systemach Linux\/Unix i macOS;<br \/>Umo\u017cliwia podpis szeregu rozszerze\u0144 plik\u00f3w, zale\u017cnie od u\u017cywanego narz\u0119dzia, w tym: .exe, .msi, .dll, .jar, .war itp. .<\/p>\n<p>Wymagania:<br \/>Aplikacja SimplySign na telefon z system Android lub iOS do generowania kod\u00f3w dost\u0119powych<br \/>Aplikacja SimplySign Desktop na komputer do po\u0142\u0105czenia z wirtualn\u0105 kart\u0105 kryptograficzn\u0105 w chmurze<br \/>Konto dost\u0119powe w chmurze SimplySign, kt\u00f3re zostanie za\u0142o\u017cone podczas aktywacji certyfikatu<br \/>Dost\u0119p do Internetu<br \/>Specyfikacja:<br \/>Dane w certyfikacie: dane organizacji<br \/>Zgodny ze standardem X.509 v.3 (RFC5280)<br \/>Podpisany RSA SHA-2<br \/>Minimalna d\u0142ugo\u015b\u0107 kluczy kryptograficznych: RSA 3072 bit<br \/>Przechowywanie kluczy: FIPS 140-2 level 3 lub CC EAL 4+<br \/>Wydany zgodnie z mi\u0119dzynarodowym standardem WebTrustSM\/TM oraz CA\/Browser Forum<br \/><strong>Uwaga:\u00a0<\/strong>Informujemy, \u017ce dla produkt\u00f3w Code Signing w chmurze obowi\u0105zuje limit u\u017cycia certyfikatu do 5000 podpis\u00f3w miesi\u0119cznie. Przekroczenie tego limitu mo\u017ce skutkowa\u0107 skontaktowaniem si\u0119 z Tob\u0105 w celu poinformowania o przekroczeniu oraz ewentualnej blokadzie produktu w miesi\u0105cu, w kt\u00f3rym wykorzystano limit. Prosimy o przestrzeganie okre\u015blonych ogranicze\u0144.<\/p>","protected":false},"excerpt":{"rendered":"<p>Jeste\u015b wydawc\u0105 oprogramowania, programist\u0105 lub deweloperem i tworzysz kod? Udost\u0119pniasz swoje programy u\u017cytkownikom?<\/p>\n<p><strong>Zabezpiecz swoje oprogramowanie certyfikatem EV Code Signing w chmurze, kt\u00f3ry zapewnia:<\/strong><br \/>Integralno\u015b\u0107<br \/>Eliminacj\u0119 komunikatu \u201eNieznany wydawca\u201d<br \/>Zaufanie u\u017cytkownik\u00f3w Twojego oprogramowania<br \/>Budow\u0119 reputacji Microsoft SmartScreen<\/p>\n<p><strong>Zastosowanie rozwi\u0105zania chmurowego SimplySign eliminuje konieczno\u015b\u0107 korzystania z fizycznej karty i czytnika.<\/strong><\/p>","protected":false},"featured_media":13429,"comment_status":"open","ping_status":"closed","template":"","meta":{"loftloader_page_shortcode":""},"product_brand":[],"product_cat":[],"product_tag":[],"class_list":{"0":"post-13428","1":"product","2":"type-product","3":"status-publish","4":"has-post-thumbnail","7":"first","8":"instock","9":"taxable","10":"shipping-taxable","11":"product-type-simple"},"_links":{"self":[{"href":"https:\/\/podpisz-mobilnie.pl\/de\/wp-json\/wp\/v2\/product\/13428","targetHints":{"allow":["GET"]}}],"collection":[{"href":"https:\/\/podpisz-mobilnie.pl\/de\/wp-json\/wp\/v2\/product"}],"about":[{"href":"https:\/\/podpisz-mobilnie.pl\/de\/wp-json\/wp\/v2\/types\/product"}],"replies":[{"embeddable":true,"href":"https:\/\/podpisz-mobilnie.pl\/de\/wp-json\/wp\/v2\/comments?post=13428"}],"wp:featuredmedia":[{"embeddable":true,"href":"https:\/\/podpisz-mobilnie.pl\/de\/wp-json\/wp\/v2\/media\/13429"}],"wp:attachment":[{"href":"https:\/\/podpisz-mobilnie.pl\/de\/wp-json\/wp\/v2\/media?parent=13428"}],"wp:term":[{"taxonomy":"product_brand","embeddable":true,"href":"https:\/\/podpisz-mobilnie.pl\/de\/wp-json\/wp\/v2\/product_brand?post=13428"},{"taxonomy":"product_cat","embeddable":true,"href":"https:\/\/podpisz-mobilnie.pl\/de\/wp-json\/wp\/v2\/product_cat?post=13428"},{"taxonomy":"product_tag","embeddable":true,"href":"https:\/\/podpisz-mobilnie.pl\/de\/wp-json\/wp\/v2\/product_tag?post=13428"}],"curies":[{"name":"wp","href":"https:\/\/api.w.org\/{rel}","templated":true}]}}