{"id":12802,"date":"2023-11-28T20:23:35","date_gmt":"2023-11-28T19:23:35","guid":{"rendered":"https:\/\/podpisz-mobilnie.pl\/?post_type=product&#038;p=12802"},"modified":"2025-06-06T22:48:59","modified_gmt":"2025-06-06T20:48:59","slug":"pieczec-elektroniczna-certum-mini-2-lata-usb","status":"publish","type":"product","link":"https:\/\/podpisz-mobilnie.pl\/de\/produkt\/pieczec-elektroniczna-certum-mini-2-lata-usb\/","title":{"rendered":"Piecz\u0119\u0107 elektroniczna Certum Mini 2 lata usb"},"content":{"rendered":"","protected":false},"excerpt":{"rendered":"<p>Ma\u0142e, przeno\u015bne i por\u0119czne urz\u0105dzenie do sk\u0142adania bezpiecznego podpisu elektronicznego. Rozwi\u0105zanie wykorzystuje kwalifikowany certyfikat piecz\u0119ci elektronicznej, dzi\u0119ki czemu dokumenty opiecz\u0119towane piecz\u0119ci\u0105 elektroniczn\u0105 zachowuj\u0105 pe\u0142n\u0105 moc prawn\u0105 oraz dowodow\u0105.<br \/><strong>Piecz\u0119\u0107 elektroniczna pozwala na wystawianie i otrzymywanie faktur drog\u0105 elektroniczn\u0105 poprzez KSeF (Krajowy System e-Faktur).<\/strong><br \/>Okres wa\u017cno\u015bci: 2 lata<\/p>","protected":false},"featured_media":12801,"comment_status":"closed","ping_status":"closed","template":"","meta":{"loftloader_page_shortcode":""},"product_brand":[],"product_cat":[79],"product_tag":[],"class_list":{"0":"post-12802","1":"product","2":"type-product","3":"status-publish","4":"has-post-thumbnail","6":"product_cat-pieczec-elektroniczna","8":"first","9":"instock","10":"product-type-simple"},"_links":{"self":[{"href":"https:\/\/podpisz-mobilnie.pl\/de\/wp-json\/wp\/v2\/product\/12802","targetHints":{"allow":["GET"]}}],"collection":[{"href":"https:\/\/podpisz-mobilnie.pl\/de\/wp-json\/wp\/v2\/product"}],"about":[{"href":"https:\/\/podpisz-mobilnie.pl\/de\/wp-json\/wp\/v2\/types\/product"}],"replies":[{"embeddable":true,"href":"https:\/\/podpisz-mobilnie.pl\/de\/wp-json\/wp\/v2\/comments?post=12802"}],"wp:featuredmedia":[{"embeddable":true,"href":"https:\/\/podpisz-mobilnie.pl\/de\/wp-json\/wp\/v2\/media\/12801"}],"wp:attachment":[{"href":"https:\/\/podpisz-mobilnie.pl\/de\/wp-json\/wp\/v2\/media?parent=12802"}],"wp:term":[{"taxonomy":"product_brand","embeddable":true,"href":"https:\/\/podpisz-mobilnie.pl\/de\/wp-json\/wp\/v2\/product_brand?post=12802"},{"taxonomy":"product_cat","embeddable":true,"href":"https:\/\/podpisz-mobilnie.pl\/de\/wp-json\/wp\/v2\/product_cat?post=12802"},{"taxonomy":"product_tag","embeddable":true,"href":"https:\/\/podpisz-mobilnie.pl\/de\/wp-json\/wp\/v2\/product_tag?post=12802"}],"curies":[{"name":"wp","href":"https:\/\/api.w.org\/{rel}","templated":true}]}}